{"id":1160,"date":"2025-06-03T18:38:17","date_gmt":"2025-06-03T16:38:17","guid":{"rendered":"https:\/\/apel-notredamedenazareth.fr\/?post_type=product&#038;p=1160"},"modified":"2026-04-11T11:42:41","modified_gmt":"2026-04-11T09:42:41","slug":"14-tickets-kermesse","status":"publish","type":"product","link":"https:\/\/apel-notredamedenazareth.fr\/?product=14-tickets-kermesse","title":{"rendered":"14 Tickets Kermesse"},"content":{"rendered":"<p>Vous pouvez aussi pr\u00e9commander les tickets qui permettront de jouer aux diff\u00e9rents stands mais aussi de r\u00e9gler vos consommations et vos achats.<br \/>\n7 euros les 14 tickets.<\/p>\n<p>NB : Il sera possible d\u2019en acheter aussi le jour de la kermesse.<\/p>\n","protected":false},"excerpt":{"rendered":"<p>Vous pouvez aussi pr\u00e9commander les tickets qui permettront de jouer aux diff\u00e9rents stands mais aussi de r\u00e9gler vos consommations et vos achats. 7 euros les 14 tickets. NB : Il sera possible d\u2019en acheter aussi le jour de la kermesse.<\/p>\n","protected":false},"featured_media":0,"template":"","meta":[],"product_brand":[],"product_cat":[36],"product_tag":[],"class_list":{"0":"post-1160","1":"product","2":"type-product","3":"status-publish","5":"product_cat-kermesse","7":"first","8":"instock","9":"shipping-taxable","10":"purchasable","11":"product-type-simple"},"jetpack_sharing_enabled":true,"_links":{"self":[{"href":"https:\/\/apel-notredamedenazareth.fr\/index.php?rest_route=\/wp\/v2\/product\/1160","targetHints":{"allow":["GET"]}}],"collection":[{"href":"https:\/\/apel-notredamedenazareth.fr\/index.php?rest_route=\/wp\/v2\/product"}],"about":[{"href":"https:\/\/apel-notredamedenazareth.fr\/index.php?rest_route=\/wp\/v2\/types\/product"}],"wp:attachment":[{"href":"https:\/\/apel-notredamedenazareth.fr\/index.php?rest_route=%2Fwp%2Fv2%2Fmedia&parent=1160"}],"wp:term":[{"taxonomy":"product_brand","embeddable":true,"href":"https:\/\/apel-notredamedenazareth.fr\/index.php?rest_route=%2Fwp%2Fv2%2Fproduct_brand&post=1160"},{"taxonomy":"product_cat","embeddable":true,"href":"https:\/\/apel-notredamedenazareth.fr\/index.php?rest_route=%2Fwp%2Fv2%2Fproduct_cat&post=1160"},{"taxonomy":"product_tag","embeddable":true,"href":"https:\/\/apel-notredamedenazareth.fr\/index.php?rest_route=%2Fwp%2Fv2%2Fproduct_tag&post=1160"}],"curies":[{"name":"wp","href":"https:\/\/api.w.org\/{rel}","templated":true}]}}