{"id":1155,"date":"2025-06-02T19:10:11","date_gmt":"2025-06-02T17:10:11","guid":{"rendered":"https:\/\/apel-notredamedenazareth.fr\/?post_type=product&#038;p=1155"},"modified":"2026-04-10T22:14:06","modified_gmt":"2026-04-10T20:14:06","slug":"repas-kermesse-adulte-vegan","status":"publish","type":"product","link":"https:\/\/apel-notredamedenazareth.fr\/?product=repas-kermesse-adulte-vegan","title":{"rendered":"Repas Kermesse Adulte (V\u00e9gan)"},"content":{"rendered":"<p>Frites, 2 Saucisses V\u00e9gan avec dessert, caf\u00e9 pour les adultes.<\/p>\n","protected":false},"excerpt":{"rendered":"<p>Frites, 2 Saucisses V\u00e9gan avec dessert, caf\u00e9 pour les adultes.<\/p>\n","protected":false},"featured_media":1156,"template":"","meta":[],"product_brand":[],"product_cat":[36],"product_tag":[],"class_list":{"0":"post-1155","1":"product","2":"type-product","3":"status-publish","4":"has-post-thumbnail","6":"product_cat-kermesse","8":"first","9":"instock","10":"shipping-taxable","11":"purchasable","12":"product-type-simple"},"jetpack_sharing_enabled":true,"_links":{"self":[{"href":"https:\/\/apel-notredamedenazareth.fr\/index.php?rest_route=\/wp\/v2\/product\/1155","targetHints":{"allow":["GET"]}}],"collection":[{"href":"https:\/\/apel-notredamedenazareth.fr\/index.php?rest_route=\/wp\/v2\/product"}],"about":[{"href":"https:\/\/apel-notredamedenazareth.fr\/index.php?rest_route=\/wp\/v2\/types\/product"}],"wp:featuredmedia":[{"embeddable":true,"href":"https:\/\/apel-notredamedenazareth.fr\/index.php?rest_route=\/wp\/v2\/media\/1156"}],"wp:attachment":[{"href":"https:\/\/apel-notredamedenazareth.fr\/index.php?rest_route=%2Fwp%2Fv2%2Fmedia&parent=1155"}],"wp:term":[{"taxonomy":"product_brand","embeddable":true,"href":"https:\/\/apel-notredamedenazareth.fr\/index.php?rest_route=%2Fwp%2Fv2%2Fproduct_brand&post=1155"},{"taxonomy":"product_cat","embeddable":true,"href":"https:\/\/apel-notredamedenazareth.fr\/index.php?rest_route=%2Fwp%2Fv2%2Fproduct_cat&post=1155"},{"taxonomy":"product_tag","embeddable":true,"href":"https:\/\/apel-notredamedenazareth.fr\/index.php?rest_route=%2Fwp%2Fv2%2Fproduct_tag&post=1155"}],"curies":[{"name":"wp","href":"https:\/\/api.w.org\/{rel}","templated":true}]}}